{"id":24623,"date":"2021-02-04T09:13:37","date_gmt":"2021-02-04T09:13:37","guid":{"rendered":"https:\/\/ljiljadesign.com\/?page_id=24623"},"modified":"2023-01-27T12:46:53","modified_gmt":"2023-01-27T12:46:53","slug":"about","status":"publish","type":"page","link":"https:\/\/ljiljadesign.com\/index.php\/about\/","title":{"rendered":"ABOUT"},"content":{"rendered":"\n\n\t<p><strong>Ljiljana \u0160akovi\u0107 <\/strong>ro\u0111ena, \u017eivi i radi u Sarajevu. Zavr\u0161ila Tekstilnu-tehni\u010dku \u0161kolu i Akademije Likovnih Umjetnosti u Sarajevo. \u010clan je Udru\u017eenja likovnih umjetnika primijenjenih umjetnosti BiH (ULUPUBIH), te kao autor u\u010destvovala na kolektivnim izlo\u017ebama ULUPUBIH u Sarajevou (2003-2019). 2007. godine dobila je prvu nagradu za modni dizajn. Radila je idejna rje\u0161enja i kostimografiju za\u00a0 studentske pozori\u0161ne predstave, pozori\u0161ne predstave, film i TV serije. Na konkursu za idejno rje\u0161enje plakata za 2.Sarajevo Film Festival, osvojila je prvu nagradu. Sura\u0111ivala je sa svjetskom poznatom dizajnericom Agnes.b i 2004. u Parizu je dizajnirala novu modnu liniju odje\u0107e za \u017eene pod nazivom &#8220;Ljilja for Agnes B.&#8221; Kolekcija je stvarana u modnom studiju Agnes b. u Parizu, a prodavala se u njenim prodavnica \u0161irom svijeta. Stekla je status istaknutog samostalnog umjetnika Kantona Sarajevo.<\/p>\n<p>&nbsp;<\/p>\n<p>Prodaja modne linije &#8220;LJILJA&#8221; u Sarajevu, mo\u017ee se pogledati i kupiti:<\/p>\n<p>putem ovih\u00a0 stranica:<\/p>\n<p><a href=\"https:\/\/www.facebook.com\/ljilja.design\/\">https:\/\/www.facebook.com\/ljilja.design\/<\/a> ili Instagram: @ljilja.design<\/p>\n<p><a href=\"https:\/\/www.facebook.com\/metaphysikahq\/\">https:\/\/www.facebook.com\/metaphysikahq\/<\/a> ili Instagram: @metaphysikahq<\/p>\n<p><a href=\"https:\/\/www.facebook.com\/Galerija-Ulupubih-541748383004851\/\">\u00a0ttps:\/\/www.facebook.com\/Galerija-Ulupubih-541748383004851\/<\/a> ili Instagram: <a href=\"https:\/\/www.instagram.com\/galerijaulupubih\/\">www.instagram.com\/galerijaulupubih<\/a><\/p>\n<p>&nbsp;<\/p>\n\t\t\t\t<img decoding=\"async\" loading=\"lazy\" src=\"https:\/\/ljiljadesign.com\/wp-content\/uploads\/2021\/02\/BLACK8.jpg\" alt=\"BLACK8\" itemprop=\"image\" height=\"650\" width=\"641\" title=\"BLACK8\" onerror=\"this.style.display='none'\"  \/>\n\t\t\t\t<img decoding=\"async\" loading=\"lazy\" src=\"https:\/\/ljiljadesign.com\/wp-content\/uploads\/2021\/02\/ljilja1-1-690x1024.jpg\" alt=\"ljilja1-1\" itemprop=\"image\" height=\"1024\" width=\"690\" title=\"ljilja1-1\" onerror=\"this.style.display='none'\"  \/>\n\t<p>Ljiljana \u0160akovi\u0107 was born, lives and works in Sarajevo. She graduated from the Textile Technical School and the Academy of Fine Arts in Sarajevo. She is a member of the Association of Fine Artists of Applied Arts of BiH (ULUPUBIH), and as an author she participated in the collective exhibitions of ULUPUBIH in Sarajevo (2003-2019). In 2007, she received the first award for fashion design. She worked on conceptual solutions and costume design for student theater plays, theater plays, film and TV series. She won the first prize in the competition for the conceptual design of posters for the 2nd Sarajevo Film Festival. She collaborated with the world-famous designer Agnes.b and in 2004 in Paris she designed a new fashion clothing line for women called &#8220;Lily for Agnes B.&#8221; The collection was created at the Agnes b. Fashion studio in Paris and sold in its stores around the world. She gained the status of a prominent independent artist of the Sarajevo Canton.<\/p>\nSales of the fashion line &#8220;LJILJA&#8221; in Sarajevo, can be viewed and purchased:<br \/>\nvia these pages:<br \/>\nhttps:\/\/www.facebook.com\/ljilja.design\/ or Instagram: @ ljilja.design<br \/>\nhttps:\/\/www.facebook.com\/metaphysikahq\/ or Instagram: @metaphysikahq<br \/>\nttps: \/\/www.facebook.com\/Galerija-Ulupubih-541748383004851\/ or Instagram: @galerijaulupubih<br \/>\nhttps:\/\/www.facebook.com\/kutchaCS\/ or Instagram: @kutcha_cs\n\n","protected":false},"excerpt":{"rendered":"<p>Ljiljana \u0160akovi\u0107 ro\u0111ena, \u017eivi i radi u Sarajevu. Zavr\u0161ila Tekstilnu-tehni\u010dku \u0161kolu i Akademije Likovnih Umjetnosti u Sarajevo. \u010clan je Udru\u017eenja likovnih umjetnika primijenjenih umjetnosti BiH (ULUPUBIH), te kao autor u\u010destvovala na kolektivnim izlo\u017ebama ULUPUBIH u Sarajevou (2003-2019). 2007. godine dobila je prvu nagradu za modni dizajn. Radila je idejna rje\u0161enja i kostimografiju za\u00a0 studentske pozori\u0161ne &hellip;<\/p>\n<p class=\"read-more\"> <a class=\"\" href=\"https:\/\/ljiljadesign.com\/index.php\/about\/\"> <span class=\"screen-reader-text\">ABOUT<\/span> Read More &raquo;<\/a><\/p>\n","protected":false},"author":1,"featured_media":0,"parent":0,"menu_order":0,"comment_status":"closed","ping_status":"closed","template":"","meta":{"site-sidebar-layout":"no-sidebar","site-content-layout":"page-builder","ast-global-header-display":"","ast-main-header-display":"","ast-hfb-above-header-display":"","ast-hfb-below-header-display":"","ast-hfb-mobile-header-display":"","site-post-title":"disabled","ast-breadcrumbs-content":"","ast-featured-img":"disabled","footer-sml-layout":"","theme-transparent-header-meta":"","adv-header-id-meta":"","stick-header-meta":"","header-above-stick-meta":"","header-main-stick-meta":"","header-below-stick-meta":""},"_links":{"self":[{"href":"https:\/\/ljiljadesign.com\/index.php\/wp-json\/wp\/v2\/pages\/24623"}],"collection":[{"href":"https:\/\/ljiljadesign.com\/index.php\/wp-json\/wp\/v2\/pages"}],"about":[{"href":"https:\/\/ljiljadesign.com\/index.php\/wp-json\/wp\/v2\/types\/page"}],"author":[{"embeddable":true,"href":"https:\/\/ljiljadesign.com\/index.php\/wp-json\/wp\/v2\/users\/1"}],"replies":[{"embeddable":true,"href":"https:\/\/ljiljadesign.com\/index.php\/wp-json\/wp\/v2\/comments?post=24623"}],"version-history":[{"count":3,"href":"https:\/\/ljiljadesign.com\/index.php\/wp-json\/wp\/v2\/pages\/24623\/revisions"}],"predecessor-version":[{"id":24779,"href":"https:\/\/ljiljadesign.com\/index.php\/wp-json\/wp\/v2\/pages\/24623\/revisions\/24779"}],"wp:attachment":[{"href":"https:\/\/ljiljadesign.com\/index.php\/wp-json\/wp\/v2\/media?parent=24623"}],"curies":[{"name":"wp","href":"https:\/\/api.w.org\/{rel}","templated":true}]}}